{"id":14798,"date":"2019-07-26T14:31:16","date_gmt":"2019-07-26T14:31:16","guid":{"rendered":"http:\/\/www.50demb.unimore.it\/?page_id=14798"},"modified":"2019-12-05T15:28:29","modified_gmt":"2019-12-05T15:28:29","slug":"archives-primadopo-50demb","status":"publish","type":"page","link":"https:\/\/www.dembarchives.unimore.it\/index.php\/archives-primadopo-50demb\/","title":{"rendered":"Il Dipartimento di Economia prima e dopo il 50ennale"},"content":{"rendered":"<h2>IL DIPARTIMENTO DI ECONOMIA MARCO BIAGI DAL 1968<\/h2>\n<p>Sono trascorsi <b>50 anni<\/b> dalla nascita della <b>Facolt\u00e0 di Economia<\/b>, inizialmente collocata nella sede di viale Berengario.\u00a0<\/p>\n<p>Il Comitato Tecnico che la istitu\u00ec si era infatti riunito la prima volta il <b>23 settembre 1968<\/b> ed era composto da personalit\u00e0 di grande prestigio del mondo accademico: economisti, giuristi, esperti di governo d\u2019impresa, statistici. \u00a0<\/p>\n<p>Dalla sua istituzione fino al 1993, la Facolt\u00e0 si identifica con il suo <b>unico Corso di laurea in Economia e Commercio<\/b>, articolato in diversi indirizzi di durata quadriennale.<\/p>\n<p>Nel 1974 la Facolt\u00e0 si trasferisce al Direzionale 70, in via Giardini.\u00a0<\/p>\n<p>Dopo vent\u2019anni, <b>nel 1994, la Facolt\u00e0 trova sede definitiva nello storico edificio del Foro Boario<\/b>, restaurato dall\u2019architetta Franca Stagi. Con la nuova denominazione di Facolt\u00e0 di Economia vengono <b>attivati altri due corsi di Laurea quadriennale<\/b> \u2013 <b>Economia Aziendale ed Economia Politica <\/b>\u2013 e <b>due diplomi universitari di durata triennale <\/b>\u2013 <b>Economia e Amministrazione delle Imprese e Commercio Estero<\/b> \u2013 rispondendo alle esigenze formative del territorio.<\/p>\n<p>Da allora, l\u2019offerta formativa si \u00e8 ulteriormente ampliata con l\u2019attivazione di <b>tre Corsi di Laurea Triennali<\/b>, <b>cinque Corsi di Laurea Magistrale<\/b>, <b>Master<\/b>, <b>Corsi di Perfezionamento<\/b> e un <b>Dottorato di ricerca<\/b>.<\/p>\n<p><b>L\u20198 ottobre 2003<\/b>, il Consiglio di Facolt\u00e0 e il Senato Accademico dell\u2019Ateneo deliberano l<b>\u2019intitolazione della Facolt\u00e0 a Marco Biagi<\/b>,<b> <\/b>in memoria del suo docente vittima del terrorismo. Su iniziativa della famiglia, dell\u2019Universit\u00e0 e della Facolt\u00e0 viene istituita la Fondazione Marco Biagi con l\u2019obiettivo di proseguire e consolidare l\u2019attivit\u00e0 di studi e ricerche sui temi del lavoro.<\/p>\n<p>Nel <b>2012<\/b>, il processo di riorganizzazione dell\u2019Ateneo porta all\u2019integrazione della gestione dell\u2019attivit\u00e0 didattica della Facolt\u00e0 con quella di ricerca dei Dipartimenti (Dipartimento di Economia aziendale e Dipartimento di Economia politica): nasce cos\u00ec il<b> Dipartimento di Economia Marco Biagi<\/b>.<\/p>\n<p>Dalla sua istituzione, l\u2019attivit\u00e0 del Dipartimento si caratterizza per la variet\u00e0 delle aree di ricerca e l\u2019impegno dei ricercatori nel tradurre i risultati degli studi in indicazioni e strumenti per le politiche in ambito economico-gestionale.<\/p>\n<p>A questa attivit\u00e0 di ricerca si accompagna la qualit\u00e0 e intensit\u00e0 dei <b>rapporti che il Dipartimento ha saputo costruire con le istituzioni, le associazioni e con la cittadinanza<\/b>. Si tratta di esperienze di carattere formativo, culturale e di supporto alle decisioni economiche che hanno contribuito ad innalzare le conoscenze e le competenze professionali e gestionali del nostro territorio.<\/p>\n<p><strong>Il sito DEMB Archives nasce con l&#8217;intento di conservare e tener nota dei materiali prodotti in passato e di quelli che verranno prodotti in futuro, utilizzando questa piattaforma online come archivio vivo e in continua evoluzione.<\/strong><\/p>\n<h2><a href=\"http:\/\/www.dembarchives.unimore.it\/index.php\/2019\/11\/28\/eventi_e_iniziative_1968_oggi\/\">EVENTI E INIZIATIVE ISTITUZIONALI DAL 1968 A OGGI<\/a><\/h2>\n<h2><a href=\" http:\/\/www.dembarchives.unimore.it\/index.php\/2019\/12\/03\/in_progress_i_docenti\/\">I DOCENTI<\/a><\/h2>\n<h2><a href=\"http:\/\/www.dembarchives.unimore.it\/index.php\/2019\/12\/03\/i-dati\/\">I DATI<\/a><\/h2>\n<h2>DICONO DI NOI<\/h2>\n<h2>CONVEGNI, SEMINARI, CONFERENZE:<br \/>\nmateriali di consultazione e scaricabili<\/h2>\n","protected":false},"excerpt":{"rendered":"<p>IL DIPARTIMENTO DI ECONOMIA MARCO BIAGI DAL 1968 Sono trascorsi 50 anni dalla nascita della Facolt\u00e0 di Economia, inizialmente collocata &hellip; <\/p>\n","protected":false},"author":1,"featured_media":14873,"parent":0,"menu_order":0,"comment_status":"closed","ping_status":"closed","template":"","meta":{"footnotes":""},"class_list":["post-14798","page","type-page","status-publish","has-post-thumbnail","hentry"],"_links":{"self":[{"href":"https:\/\/www.dembarchives.unimore.it\/index.php\/wp-json\/wp\/v2\/pages\/14798","targetHints":{"allow":["GET"]}}],"collection":[{"href":"https:\/\/www.dembarchives.unimore.it\/index.php\/wp-json\/wp\/v2\/pages"}],"about":[{"href":"https:\/\/www.dembarchives.unimore.it\/index.php\/wp-json\/wp\/v2\/types\/page"}],"author":[{"embeddable":true,"href":"https:\/\/www.dembarchives.unimore.it\/index.php\/wp-json\/wp\/v2\/users\/1"}],"replies":[{"embeddable":true,"href":"https:\/\/www.dembarchives.unimore.it\/index.php\/wp-json\/wp\/v2\/comments?post=14798"}],"version-history":[{"count":26,"href":"https:\/\/www.dembarchives.unimore.it\/index.php\/wp-json\/wp\/v2\/pages\/14798\/revisions"}],"predecessor-version":[{"id":15353,"href":"https:\/\/www.dembarchives.unimore.it\/index.php\/wp-json\/wp\/v2\/pages\/14798\/revisions\/15353"}],"wp:featuredmedia":[{"embeddable":true,"href":"https:\/\/www.dembarchives.unimore.it\/index.php\/wp-json\/wp\/v2\/media\/14873"}],"wp:attachment":[{"href":"https:\/\/www.dembarchives.unimore.it\/index.php\/wp-json\/wp\/v2\/media?parent=14798"}],"curies":[{"name":"wp","href":"https:\/\/api.w.org\/{rel}","templated":true}]}}