{"id":14779,"date":"2019-07-26T14:05:16","date_gmt":"2019-07-26T14:05:16","guid":{"rendered":"http:\/\/www.50demb.unimore.it\/?page_id=14779"},"modified":"2020-04-23T11:20:42","modified_gmt":"2020-04-23T11:20:42","slug":"archives-50anni-demb","status":"publish","type":"page","link":"https:\/\/www.dembarchives.unimore.it\/index.php\/archives-50anni-demb\/","title":{"rendered":"Archives 50anni DEMB"},"content":{"rendered":"<p style=\"text-align: right;\"><a href=\"http:\/\/www.dembarchives.unimore.it\/index.php\/area-stampa\/\">AREA STAMPA<\/a><\/p>\n<p style=\"font-family: -webkit-standard;\">Il Dipartimento di Economia Marco Biagi, erede della Facolt\u00e0 di Economia, nell&#8217;anno accademico 2018\/2019 ha festeggiato i suoi primi cinquant\u2019anni e lo ha fatto con tutti coloro che hanno favorito il raggiungimento di questo traguardo.<br \/>\nIl 50ennale \u00e8 stata l\u2019occasione per ripercorrere alcuni dei momenti pi\u00f9 significativi della nostra storia, coinvolgendo i docenti, il personale e gli studenti che in questi anni hanno reso Il Dipartimento una realt\u00e0 importante per il suo contributo alla ricerca scientifica, alla formazione dei giovani e per il suo impegno nella societ\u00e0.<\/p>\n<p style=\"font-family: -webkit-standard;\">Per celebrare il passato si \u00e8 cercato di far capire la ricchezza della nostra esperienza attraverso una programmazione di attivit\u00e0 che si \u00e8 sviluppata durante il corso di tutto l\u2019anno accademico 2018-19.<br \/>\nUna parte rilevante delle iniziative ha riguardato&nbsp;<b>i convegni e le conferenze<\/b>, incentrate&nbsp;su temi riguardanti le prospettive dei sistemi economico-sociali, del mondo del lavoro, della gestione delle imprese, delle professioni. Si \u00e8 ripercorsa&nbsp;<b>l\u2019esperienza di internazionalizzazione&nbsp;<\/b>del Dipartimento confrontandosi con i docenti e gli studenti degli atenei stranieri con cui abbiamo instaurato in questi anni importanti collaborazioni internazionali. Protagonista della storia del Dipartimento, la&nbsp;<b>Biblioteca Sebastiano Brusco&nbsp;<\/b>si \u00e8 fatta&nbsp;promotrice di una serie di incontri che hanno ripercorso la produzione scientifica dei suoi docenti nei 50 anni trascorsi.<\/p>\n<p style=\"font-family: -webkit-standard;\">Tante sono state le iniziative scientifiche e culturali svolte in collaborazione con la&nbsp;<b>Fondazione Marco Biagi<\/b>, a cui il Dipartimento \u00e8 legato, sin dalla nascita della Fondazione nel 2002, da una piena condivisione degli obiettivi di ricerca e di formazione.<br \/>\nAmpio spazio \u00e8 stato riservato a diverse&nbsp;<b>attivit\u00e0 culturali e aggreganti<\/b>, capaci di coinvolgere tutta la cittadinanza.<\/p>\n<p style=\"font-family: -webkit-standard;\">A corredo della programmazione, un sito web dedicato &#8211; unitamente a un\u2019innovativa rete di social media dedicati al 50\u00b0 &#8211; \u00e8 stato il principale strumento di comunicazione e contenitore della documentazione delle attivit\u00e0, contribuendo cos\u00ec alla creazione di un archivio interattivo che, a conclusione delle attivit\u00e0, si \u00e8 deciso di trasformare in questo sito &#8211; per lasciare traccia del lavoro svolto e rendere disponibili e fruibili i materiali prodotti.<br \/>\nUn programma cos\u00ec ricco di iniziative scientifiche e culturali rivolto non solo all\u2019Universit\u00e0, ma anche alla cittadinanza, non poteva essere realizzato senza il sostegno e il patrocinio delle principali istituzioni locali. In particolare, la&nbsp;<b>Fondazione Cassa di Risparmio di Modena<\/b>, principale sponsor del 50\u00b0, ha condiviso la programmazione delle attivit\u00e0 e sostenuto tutte le iniziative, con la sensibilit\u00e0 caratteristica di un\u2019istituzione particolarmente attenta alle finalit\u00e0 culturali dei progetti e alla loro ricaduta territoriale.<\/p>\n<p>\t\t\t\t\t\t\t\t\t\t<img decoding=\"async\" src=\"http:\/\/www.dembarchives.unimore.it\/wp-content\/uploads\/2019\/12\/Loghi-per-sito.003.jpeg\" title=\"Loghi per sito.003\" alt=\"Loghi per sito.003\"><\/p>\n","protected":false},"excerpt":{"rendered":"<p>AREA STAMPA Il Dipartimento di Economia Marco Biagi, erede della Facolt\u00e0 di Economia, nell&#8217;anno accademico 2018\/2019 ha festeggiato i suoi &hellip; <\/p>\n","protected":false},"author":1,"featured_media":0,"parent":0,"menu_order":0,"comment_status":"closed","ping_status":"closed","template":"","meta":{"footnotes":""},"class_list":["post-14779","page","type-page","status-publish","hentry"],"_links":{"self":[{"href":"https:\/\/www.dembarchives.unimore.it\/index.php\/wp-json\/wp\/v2\/pages\/14779","targetHints":{"allow":["GET"]}}],"collection":[{"href":"https:\/\/www.dembarchives.unimore.it\/index.php\/wp-json\/wp\/v2\/pages"}],"about":[{"href":"https:\/\/www.dembarchives.unimore.it\/index.php\/wp-json\/wp\/v2\/types\/page"}],"author":[{"embeddable":true,"href":"https:\/\/www.dembarchives.unimore.it\/index.php\/wp-json\/wp\/v2\/users\/1"}],"replies":[{"embeddable":true,"href":"https:\/\/www.dembarchives.unimore.it\/index.php\/wp-json\/wp\/v2\/comments?post=14779"}],"version-history":[{"count":26,"href":"https:\/\/www.dembarchives.unimore.it\/index.php\/wp-json\/wp\/v2\/pages\/14779\/revisions"}],"predecessor-version":[{"id":15754,"href":"https:\/\/www.dembarchives.unimore.it\/index.php\/wp-json\/wp\/v2\/pages\/14779\/revisions\/15754"}],"wp:attachment":[{"href":"https:\/\/www.dembarchives.unimore.it\/index.php\/wp-json\/wp\/v2\/media?parent=14779"}],"curies":[{"name":"wp","href":"https:\/\/api.w.org\/{rel}","templated":true}]}}